{"id":2,"date":"2014-05-12T07:36:07","date_gmt":"2014-05-12T07:36:07","guid":{"rendered":"http:\/\/josezorita.es\/web\/weblucio\/?page_id=2"},"modified":"2019-05-02T11:41:21","modified_gmt":"2019-05-02T11:41:21","slug":"sample-page","status":"publish","type":"page","link":"https:\/\/luciosobrino.es\/","title":{"rendered":"Inicio"},"content":{"rendered":"<p style=\"text-align: justify;\"><span style=\"color: #000000;\">Cuando pinto paisaje, casi siempre lo hago del natural, tratando de interpretar lo que veo sin copiarlo literalmente, haciendo una s\u00edntesis del tema. Estudio las diferencias de luz, ambiente o estado de la atm\u00f3sfera, seg\u00fan la estaci\u00f3n del a\u00f1o. Huyo de la pintura \u201cde f\u00f3rmula\u201d y los procedimientos rutinarios.<\/span><br style=\"color: #000000;\" \/><br style=\"color: #000000;\" \/><span style=\"color: #000000;\">Me gusta salir a pintar durante todo el a\u00f1o, aunque mis preferencias se inclinan por el oto\u00f1o y el invierno.<\/span><br style=\"color: #000000;\" \/><br style=\"color: #000000;\" \/><span style=\"color: #000000;\">En mis viajes por toda Espa\u00f1a llevo mi equipo de acuarela, m\u00e1s manejable y limpia que el \u00f3leo, t\u00e9cnica que prefiero dejar para el estudio. Y encuentro motivos para mis cuadros en cualquier lugar: pueblos, campos, \u00e1rboles\u2026 siempre que despierte mi inter\u00e9s un efecto de luz, unas formas. Tambi\u00e9n siento gran atracci\u00f3n por las marinas (los puertos, los barcos, las marismas\u2026).<\/span><br style=\"color: #000000;\" \/><br style=\"color: #000000;\" \/><span style=\"color: #000000;\">El retrato es otro g\u00e9nero que me entusiasma y practico asiduamente, ya sea al \u00f3leo, acuarela, pastel, etc. Desde hace muchos a\u00f1os imparto clases, y realizo demostraciones en p\u00fablico, de retrato del natural a la acuarela en la Agrupaci\u00f3n Espa\u00f1ola de Acuarelistas y en la Asociaci\u00f3n Espa\u00f1ola de Pintores y Escultores.<\/span><\/p>\n<p>Lucio Sobrino.<\/p>\n","protected":false},"excerpt":{"rendered":"<p>Cuando pinto paisaje, casi siempre lo hago del natural, tratando de interpretar lo que veo sin copiarlo literalmente, haciendo una s\u00edntesis del tema. Estudio las diferencias de luz, ambiente o estado de la atm\u00f3sfera, seg\u00fan la estaci\u00f3n del a\u00f1o. Huyo &hellip; <a href=\"https:\/\/luciosobrino.es\/\">Continued<\/a><\/p>\n","protected":false},"author":1,"featured_media":0,"parent":0,"menu_order":0,"comment_status":"closed","ping_status":"closed","template":"","meta":[],"_links":{"self":[{"href":"https:\/\/luciosobrino.es\/index.php?rest_route=\/wp\/v2\/pages\/2"}],"collection":[{"href":"https:\/\/luciosobrino.es\/index.php?rest_route=\/wp\/v2\/pages"}],"about":[{"href":"https:\/\/luciosobrino.es\/index.php?rest_route=\/wp\/v2\/types\/page"}],"author":[{"embeddable":true,"href":"https:\/\/luciosobrino.es\/index.php?rest_route=\/wp\/v2\/users\/1"}],"replies":[{"embeddable":true,"href":"https:\/\/luciosobrino.es\/index.php?rest_route=%2Fwp%2Fv2%2Fcomments&post=2"}],"version-history":[{"count":39,"href":"https:\/\/luciosobrino.es\/index.php?rest_route=\/wp\/v2\/pages\/2\/revisions"}],"predecessor-version":[{"id":440,"href":"https:\/\/luciosobrino.es\/index.php?rest_route=\/wp\/v2\/pages\/2\/revisions\/440"}],"wp:attachment":[{"href":"https:\/\/luciosobrino.es\/index.php?rest_route=%2Fwp%2Fv2%2Fmedia&parent=2"}],"curies":[{"name":"wp","href":"https:\/\/api.w.org\/{rel}","templated":true}]}}